{"id":1662,"date":"2023-07-26T09:57:32","date_gmt":"2023-07-26T08:57:32","guid":{"rendered":"https:\/\/www.auteursdetheatre.org\/?page_id=1662"},"modified":"2023-07-26T10:05:28","modified_gmt":"2023-07-26T09:05:28","slug":"la-recolte-revue","status":"publish","type":"page","link":"https:\/\/auteursdetheatre.org\/?page_id=1662","title":{"rendered":"La R\u00e9colte &#8211; revue"},"content":{"rendered":"\n<figure class=\"wp-block-image size-full\"><a href=\"https:\/\/i0.wp.com\/www.auteursdetheatre.org\/wp-content\/uploads\/2023\/07\/Capture-1.jpg?ssl=1\"><img data-attachment-id=\"1668\" data-permalink=\"https:\/\/auteursdetheatre.org\/?attachment_id=1668\" data-orig-file=\"https:\/\/i0.wp.com\/auteursdetheatre.org\/wp-content\/uploads\/2023\/07\/Capture-1.jpg?fit=1031%2C298&amp;ssl=1\" data-orig-size=\"1031,298\" data-comments-opened=\"0\" data-image-meta=\"{&quot;aperture&quot;:&quot;0&quot;,&quot;credit&quot;:&quot;Admin&quot;,&quot;camera&quot;:&quot;&quot;,&quot;caption&quot;:&quot;&quot;,&quot;created_timestamp&quot;:&quot;1690369202&quot;,&quot;copyright&quot;:&quot;&quot;,&quot;focal_length&quot;:&quot;0&quot;,&quot;iso&quot;:&quot;0&quot;,&quot;shutter_speed&quot;:&quot;0&quot;,&quot;title&quot;:&quot;&quot;,&quot;orientation&quot;:&quot;0&quot;}\" data-image-title=\"Capture-1\" data-image-description=\"\" data-image-caption=\"\" data-medium-file=\"https:\/\/i0.wp.com\/auteursdetheatre.org\/wp-content\/uploads\/2023\/07\/Capture-1.jpg?fit=300%2C87&amp;ssl=1\" data-large-file=\"https:\/\/i0.wp.com\/auteursdetheatre.org\/wp-content\/uploads\/2023\/07\/Capture-1.jpg?fit=760%2C220&amp;ssl=1\" decoding=\"async\" loading=\"lazy\" width=\"760\" height=\"220\" src=\"https:\/\/i0.wp.com\/www.auteursdetheatre.org\/wp-content\/uploads\/2023\/07\/Capture-1.jpg?resize=760%2C220&#038;ssl=1\" alt=\"\" class=\"wp-image-1668\" data-recalc-dims=\"1\"\/><\/a><\/figure>\n\n\n\n<p><strong>La R\u00e9colte<\/strong>, ce sont huit comit\u00e9s de lecture permanents qui s\u2019associent pour cr\u00e9er une revue annuelle promouvant les \u00e9critures th\u00e9\u00e2trales et leurs relations aux questions soci\u00e9tales d\u2019aujourd\u2019hui, sous forme de huit cahiers croisant textes, entretiens et contributions d\u2019auteurs, d\u2019autrices, essayistes, scientifiques, artistes plasticiens, peintres et photographes.<\/p>\n\n\n\n<p><strong>Comit\u00e9 \u00e9ditorial<\/strong> l le collectif <a href=\"http:\/\/www.amotsdecouverts.fr\/\">\u00e0 mots d\u00e9couverts<\/a>, la <a href=\"https:\/\/www.comediedecaen.com\/\">Com\u00e9die de Caen \u2013 CDN de Normandie<\/a>, <a href=\"https:\/\/www.auteursdetheatre.org\/\">les Journ\u00e9es de Lyon des Auteurs de Th\u00e9\u00e2tre<\/a>, <a href=\"https:\/\/texteencours.wordpress.com\/\">Texte en Cours<\/a>, le <a href=\"http:\/\/www.theatre-tete-noire.com\/ecritures\/7\/comite-de-lecture\">Th\u00e9\u00e2tre de la T\u00eate Noire<\/a>, le <a href=\"https:\/\/www.theatre-ephemere.fr\/comite-de-lecture\/\">Th\u00e9\u00e2tre de l\u2019\u00c9ph\u00e9m\u00e8re<\/a>, le <a href=\"http:\/\/www.troisiemebureau.com\/qui-sommes-nous\/\">collectif Troisi\u00e8me bureau<\/a><\/p>\n\n\n\n<p><strong>Num\u00e9ro disponible en librairie<\/strong>\u00a0l Diffusion Th\u00e9\u00e2diff \u2013 theadiff@editionstheatrales.fr<br><strong>Ou \u00e0 commander en ligne <\/strong>sur la page <a href=\"https:\/\/www.facebook.com\/larecoltelarevue\/\"><strong>Facebook<\/strong><\/a> de la revue.<\/p>\n\n\n\n<p><strong>Site internet de la revue <\/strong>: <a href=\"https:\/\/larecolte.net\/\" target=\"_blank\" rel=\"noreferrer noopener\">https:\/\/larecolte.net\/<\/a> <\/p>\n\n\n\n<hr class=\"wp-block-separator has-alpha-channel-opacity\"\/>\n\n\n\n<p>Infos sur la R\u00e9colte n\u00b05 <a href=\"https:\/\/www.auteursdetheatre.org\/?p=1657\" data-type=\"post\" data-id=\"1657\">ici<\/a><\/p>\n","protected":false},"excerpt":{"rendered":"<p>La R\u00e9colte, ce sont huit comit\u00e9s de lecture permanents qui s\u2019associent pour cr\u00e9er une revue annuelle promouvant les \u00e9critures th\u00e9\u00e2trales et leurs relations aux questions soci\u00e9tales d\u2019aujourd\u2019hui, sous forme de huit cahiers croisant textes, entretiens et contributions d\u2019auteurs, d\u2019autrices, essayistes, scientifiques, artistes plasticiens, peintres et photographes. Comit\u00e9 \u00e9ditorial l le collectif \u00e0 mots d\u00e9couverts, la [&hellip;]<\/p>\n","protected":false},"author":4,"featured_media":0,"parent":0,"menu_order":0,"comment_status":"closed","ping_status":"closed","template":"","meta":{"footnotes":""},"jetpack_sharing_enabled":true,"jetpack_shortlink":"https:\/\/wp.me\/P9n5dd-qO","jetpack_likes_enabled":false,"jetpack-related-posts":[],"_links":{"self":[{"href":"https:\/\/auteursdetheatre.org\/index.php?rest_route=\/wp\/v2\/pages\/1662"}],"collection":[{"href":"https:\/\/auteursdetheatre.org\/index.php?rest_route=\/wp\/v2\/pages"}],"about":[{"href":"https:\/\/auteursdetheatre.org\/index.php?rest_route=\/wp\/v2\/types\/page"}],"author":[{"embeddable":true,"href":"https:\/\/auteursdetheatre.org\/index.php?rest_route=\/wp\/v2\/users\/4"}],"replies":[{"embeddable":true,"href":"https:\/\/auteursdetheatre.org\/index.php?rest_route=%2Fwp%2Fv2%2Fcomments&post=1662"}],"version-history":[{"count":3,"href":"https:\/\/auteursdetheatre.org\/index.php?rest_route=\/wp\/v2\/pages\/1662\/revisions"}],"predecessor-version":[{"id":1670,"href":"https:\/\/auteursdetheatre.org\/index.php?rest_route=\/wp\/v2\/pages\/1662\/revisions\/1670"}],"wp:attachment":[{"href":"https:\/\/auteursdetheatre.org\/index.php?rest_route=%2Fwp%2Fv2%2Fmedia&parent=1662"}],"curies":[{"name":"wp","href":"https:\/\/api.w.org\/{rel}","templated":true}]}}