{"id":20,"date":"2013-01-20T18:49:05","date_gmt":"2013-01-20T17:49:05","guid":{"rendered":"http:\/\/www.mascarille.com\/jlat\/?page_id=20"},"modified":"2026-01-20T19:01:54","modified_gmt":"2026-01-20T18:01:54","slug":"jury","status":"publish","type":"page","link":"https:\/\/auteursdetheatre.org\/?page_id=20","title":{"rendered":"Comit\u00e9 de lecture"},"content":{"rendered":"<p>Antonella AMIRANTE<\/p>\n<p>Lionel ARMAND<\/p>\n<p>Pierre BANOS<\/p>\n<p>Salom\u00e9 BEAUMONT<\/p>\n<p>Mehdi BELHAOUANE<\/p>\n<p>Marie BERNANOCE<\/p>\n<p>Chlo\u00e9 BOUILLER<\/p>\n<p>Gueni\u00e8vre BUSTO<\/p>\n<p>Agn\u00e8s CUREL<\/p>\n<p>Louise DALY<\/p>\n<p>Tom DA SYLVA<\/p>\n<p>Laurent DHUME\u00a0\u00a0<\/p>\n<p>Mathieu FLAMENS<\/p>\n<p>Manon GARNIER<\/p>\n<p>\u00c9lyane G\u00c9ROME<\/p>\n<p>Marion GODON<\/p>\n<p>Lydie GOUT MONCOURTOIS<\/p>\n<p>Damien GOUY<\/p>\n<p>Samuel HARVET<\/p>\n<p>Pauline HERCULE<\/p>\n<p>Jacqueline JACOT<\/p>\n<p>Christine KIEHL<\/p>\n<p>Nicole LACHAISE<\/p>\n<p>Marion LAVAULT<\/p>\n<p>Max LEFEBVRE<\/p>\n<p>Isaure MARIGNO<\/p>\n<p>Olivier MASSIS<\/p>\n<p>Gilles NAJEAN\u00a0<\/p>\n<p>Fran\u00e7oise ODIN<\/p>\n<p>Jacques PABST<\/p>\n<p>Pauline PASCALIN<\/p>\n<p>Lara PICHET<\/p>\n<p>Muriel RACINE<\/p>\n<p>Colin REY\u00a0<\/p>\n<p>David RIGNAULT<\/p>\n<p>C\u00e9cilia SCHNEIDER<\/p>\n<p>Claire SIMON<\/p>\n<p>Pierre-Damien TRAVERSO<\/p>\n<p>Rosalie VAUDAUX\u00a0<\/p>\n<p>Thierry VENNESSON<\/p>\n<p>\u00a0<\/p>\n<p>Samuel HARVET, pr\u00e9sident du jury<\/p>\n<p>Coordination : L\u00e9a ROBINET<\/p>\n\n\n<p><\/p>\n","protected":false},"excerpt":{"rendered":"<p>Antonella AMIRANTE Lionel ARMAND Pierre BANOS Salom\u00e9 BEAUMONT Mehdi BELHAOUANE Marie BERNANOCE Chlo\u00e9 BOUILLER Gueni\u00e8vre BUSTO Agn\u00e8s CUREL Louise DALY Tom DA SYLVA Laurent DHUME\u00a0\u00a0 Mathieu FLAMENS Manon GARNIER \u00c9lyane G\u00c9ROME Marion GODON Lydie GOUT MONCOURTOIS Damien GOUY Samuel HARVET Pauline HERCULE Jacqueline JACOT Christine KIEHL Nicole LACHAISE Marion LAVAULT Max LEFEBVRE Isaure MARIGNO Olivier [&hellip;]<\/p>\n","protected":false},"author":2,"featured_media":0,"parent":0,"menu_order":3,"comment_status":"closed","ping_status":"closed","template":"","meta":{"footnotes":""},"jetpack_sharing_enabled":true,"jetpack_shortlink":"https:\/\/wp.me\/P9n5dd-k","jetpack_likes_enabled":false,"jetpack-related-posts":[{"id":50,"url":"https:\/\/auteursdetheatre.org\/?page_id=50","url_meta":{"origin":20,"position":0},"title":"L&rsquo;Association","author":"zeizig","date":"20 janvier 2013","format":false,"excerpt":"Objectifs L'association Les Journ\u00e9es de Lyon des autrices et auteurs de th\u00e9\u00e2tre organise depuis 1989 un concours qui est aujourd'hui le plus important concours d\u2019\u00e9criture dramatique francophone.Nous recevons d\u00e9sormais chaque ann\u00e9e plusieurs centaines de\u00a0manuscrits.Cette notori\u00e9t\u00e9 est due \u00e0 la\u00a0qualit\u00e9 des prix r\u00e9compensant les laur\u00e9ats : Les \u0153uvres s\u00e9lectionn\u00e9es sont \u00e9dit\u00e9es\u2026","rel":"","context":"Article similaire","block_context":{"text":"Article similaire","link":""},"img":{"alt_text":"","src":"https:\/\/i0.wp.com\/auteursdetheatre.org\/wp-content\/uploads\/2024\/10\/Logos-partenaires-V3-1.png?resize=350%2C200&ssl=1","width":350,"height":200},"classes":[]},{"id":22,"url":"https:\/\/auteursdetheatre.org\/?page_id=22","url_meta":{"origin":20,"position":1},"title":"Palmar\u00e8s","author":"zeizig","date":"20 janvier 2013","format":false,"excerpt":"2026 Les textes laur\u00e9ats 2026 des Journ\u00e9es de Lyon seront mis en espace dans le cadre du Festival Les Contemporaines coorganis\u00e9 avec En Acte(s) qui aura lieu \u00e0 L'Assembl\u00e9e, Fabrique Artistique \u00e0 Lyon 3 du d\u00e9but mai 2026, . LAUR\u00c9ATS : \u2022 Julie AMINTHE, L214 \u2022 Marcos CARAM\u00c8S-BLANCO, Bois br\u00fbl\u00e9\u2026","rel":"","context":"Article similaire","block_context":{"text":"Article similaire","link":""},"img":{"alt_text":"","src":"","width":0,"height":0},"classes":[]},{"id":1084,"url":"https:\/\/auteursdetheatre.org\/?page_id=1084","url_meta":{"origin":20,"position":2},"title":"Festival Les Contemporaines","author":"mascarille","date":"11 avril 2022","format":false,"excerpt":"Festival d\u2019\u00e9critures contemporaines francophones en m\u00e9tropole lyonnaise \u00c9v\u00e8nement co-organis\u00e9 par Les Journ\u00e9es de Lyon des Autrices et Auteurs de Th\u00e9\u00e2tre et En Acte(s). DU 13 AU 17 MAI 2025 Le programme \u00e0 t\u00e9l\u00e9charger ici Le projet Accompagner les auteur\u00b7e\u00b7s dans toutes les dimensions de leur m\u00e9tier 100 auteur\u00b7e\u00b7s et artistes\u2026","rel":"","context":"Dans &quot;En_tete&quot;","block_context":{"text":"En_tete","link":"https:\/\/auteursdetheatre.org\/?cat=6"},"img":{"alt_text":"","src":"https:\/\/i0.wp.com\/auteursdetheatre.org\/wp-content\/uploads\/2025\/05\/PEZT3802.jpg?resize=350%2C200&ssl=1","width":350,"height":200},"classes":[]}],"_links":{"self":[{"href":"https:\/\/auteursdetheatre.org\/index.php?rest_route=\/wp\/v2\/pages\/20"}],"collection":[{"href":"https:\/\/auteursdetheatre.org\/index.php?rest_route=\/wp\/v2\/pages"}],"about":[{"href":"https:\/\/auteursdetheatre.org\/index.php?rest_route=\/wp\/v2\/types\/page"}],"author":[{"embeddable":true,"href":"https:\/\/auteursdetheatre.org\/index.php?rest_route=\/wp\/v2\/users\/2"}],"replies":[{"embeddable":true,"href":"https:\/\/auteursdetheatre.org\/index.php?rest_route=%2Fwp%2Fv2%2Fcomments&post=20"}],"version-history":[{"count":38,"href":"https:\/\/auteursdetheatre.org\/index.php?rest_route=\/wp\/v2\/pages\/20\/revisions"}],"predecessor-version":[{"id":2117,"href":"https:\/\/auteursdetheatre.org\/index.php?rest_route=\/wp\/v2\/pages\/20\/revisions\/2117"}],"wp:attachment":[{"href":"https:\/\/auteursdetheatre.org\/index.php?rest_route=%2Fwp%2Fv2%2Fmedia&parent=20"}],"curies":[{"name":"wp","href":"https:\/\/api.w.org\/{rel}","templated":true}]}}